{"id":284,"date":"2026-03-27T12:50:04","date_gmt":"2026-03-27T12:50:04","guid":{"rendered":"http:\/\/rockinbabystudio.pl\/?page_id=284"},"modified":"2026-03-27T12:51:23","modified_gmt":"2026-03-27T12:51:23","slug":"zobacz-jak-moze-wygladac-twoj-rodzinny-album","status":"publish","type":"page","link":"https:\/\/rockinbabystudio.pl\/index.php\/zobacz-jak-moze-wygladac-twoj-rodzinny-album\/","title":{"rendered":"Zobacz jak mo\u017ce wygl\u0105da\u0107 Tw\u00f3j rodzinny album&#8230;."},"content":{"rendered":"\n<div class=\"wp-block-group has-mono-4-background-color has-background has-global-padding is-layout-constrained wp-container-core-group-is-layout-c3b3325f wp-block-group-is-layout-constrained\" style=\"margin-top:0;margin-bottom:0;padding-top:var(--wp--preset--spacing--superbspacing-large);padding-right:var(--wp--preset--spacing--superbspacing-small);padding-bottom:var(--wp--preset--spacing--superbspacing-large);padding-left:var(--wp--preset--spacing--superbspacing-small)\">\n<div class=\"wp-block-group alignwide has-global-padding is-layout-constrained wp-container-core-group-is-layout-71f7e72a wp-block-group-is-layout-constrained\">\n<h2 class=\"wp-block-heading has-text-align-center has-contrast-color has-text-color has-superbfont-xlarge-font-size\">Portfolio<\/h2>\n\n\n\n<p class=\"has-text-align-center has-mono-2-color has-text-color has-superbfont-small-font-size\">Zobacz jakie zdj\u0119cia tworzymy na sesjach i dowiedz si\u0119 o nich troch\u0119 wi\u0119cej <\/p>\n<\/div>\n\n\n\n<div class=\"wp-block-columns alignwide is-layout-flex wp-container-core-columns-is-layout-f9d87e41 wp-block-columns-is-layout-flex\">\n<div class=\"wp-block-column is-vertically-aligned-top is-layout-flow wp-container-core-column-is-layout-db2cb278 wp-block-column-is-layout-flow\">\n<figure class=\"wp-block-image aligncenter size-large has-custom-border\"><a href=\"http:\/\/rockinbabystudio.pl\/index.php\/portfolio\/\"><img fetchpriority=\"high\" decoding=\"async\" width=\"683\" height=\"1024\" src=\"http:\/\/rockinbabystudio.pl\/wp-content\/uploads\/2026\/03\/Sesja-ciazowa-Kasi-Rockin-Baby-Studio-71-683x1024.jpg\" alt=\"\" class=\"wp-image-125\" style=\"border-radius:8px;object-fit:cover\" srcset=\"https:\/\/rockinbabystudio.pl\/wp-content\/uploads\/2026\/03\/Sesja-ciazowa-Kasi-Rockin-Baby-Studio-71-683x1024.jpg 683w, https:\/\/rockinbabystudio.pl\/wp-content\/uploads\/2026\/03\/Sesja-ciazowa-Kasi-Rockin-Baby-Studio-71-200x300.jpg 200w, https:\/\/rockinbabystudio.pl\/wp-content\/uploads\/2026\/03\/Sesja-ciazowa-Kasi-Rockin-Baby-Studio-71-scaled.jpg 1707w\" sizes=\"(max-width: 683px) 100vw, 683px\" \/><\/a><\/figure>\n\n\n\n<div class=\"wp-block-group has-global-padding is-layout-constrained wp-container-core-group-is-layout-85cc789f wp-block-group-is-layout-constrained\">\n<div class=\"wp-block-group has-global-padding is-layout-constrained wp-container-core-group-is-layout-19e250f3 wp-block-group-is-layout-constrained\">\n<h3 class=\"wp-block-heading has-text-align-center has-contrast-color has-text-color\" style=\"font-size:clamp(17.905px, 1.119rem + ((1vw - 3.2px) * 1.147), 28px);\">Sesje ci\u0105\u017cowe<\/h3>\n<\/div>\n\n\n\n<p class=\"has-text-align-center has-mono-2-color has-text-color has-superbfont-xsmall-font-size\" style=\"margin-top:var(--wp--preset--spacing--superbspacing-xxsmall);margin-bottom:var(--wp--preset--spacing--superbspacing-xxsmall)\"><a href=\"http:\/\/rockinbabystudio.pl\/index.php\/portfolio\/\" data-type=\"page\" data-id=\"39\">Portfolio sesji ci\u0105\u017cowych<\/a><\/p>\n<\/div>\n<\/div>\n\n\n\n<div class=\"wp-block-column is-vertically-aligned-top is-layout-flow wp-container-core-column-is-layout-db2cb278 wp-block-column-is-layout-flow\">\n<figure class=\"wp-block-image aligncenter size-full has-custom-border\"><img decoding=\"async\" src=\"http:\/\/rockinbabystudio.pl\/wp-content\/uploads\/2026\/03\/Sesja-rodzinna-B.Szacon-Rockin-Baby-Studio-174s.jpg\" alt=\"\" class=\"wp-image-286\" style=\"border-radius:8px;object-fit:cover\"\/><\/figure>\n\n\n\n<div class=\"wp-block-group has-global-padding is-layout-constrained wp-container-core-group-is-layout-85cc789f wp-block-group-is-layout-constrained\">\n<div class=\"wp-block-group has-global-padding is-layout-constrained wp-container-core-group-is-layout-19e250f3 wp-block-group-is-layout-constrained\">\n<h3 class=\"wp-block-heading has-text-align-center has-contrast-color has-text-color\" style=\"font-size:clamp(17.905px, 1.119rem + ((1vw - 3.2px) * 1.147), 28px);\">Sesje rodzinne<\/h3>\n<\/div>\n\n\n\n<p class=\"has-text-align-center has-mono-2-color has-text-color has-superbfont-xsmall-font-size\" style=\"margin-top:var(--wp--preset--spacing--superbspacing-xxsmall);margin-bottom:var(--wp--preset--spacing--superbspacing-xxsmall)\">Portfolio sesji rodzinnych<\/p>\n<\/div>\n<\/div>\n\n\n\n<div class=\"wp-block-column is-vertically-aligned-top is-layout-flow wp-container-core-column-is-layout-db2cb278 wp-block-column-is-layout-flow\">\n<figure class=\"wp-block-image aligncenter size-large has-custom-border\"><img decoding=\"async\" width=\"683\" height=\"1024\" src=\"http:\/\/rockinbabystudio.pl\/wp-content\/uploads\/2026\/03\/Ankieta-mini-Rockin-Baby-Studio-2-683x1024.jpg\" alt=\"\" class=\"wp-image-285\" style=\"border-radius:8px;object-fit:cover\" srcset=\"https:\/\/rockinbabystudio.pl\/wp-content\/uploads\/2026\/03\/Ankieta-mini-Rockin-Baby-Studio-2-683x1024.jpg 683w, https:\/\/rockinbabystudio.pl\/wp-content\/uploads\/2026\/03\/Ankieta-mini-Rockin-Baby-Studio-2-200x300.jpg 200w, https:\/\/rockinbabystudio.pl\/wp-content\/uploads\/2026\/03\/Ankieta-mini-Rockin-Baby-Studio-2-768x1152.jpg 768w, https:\/\/rockinbabystudio.pl\/wp-content\/uploads\/2026\/03\/Ankieta-mini-Rockin-Baby-Studio-2-1024x1536.jpg 1024w, https:\/\/rockinbabystudio.pl\/wp-content\/uploads\/2026\/03\/Ankieta-mini-Rockin-Baby-Studio-2.jpg 1101w\" sizes=\"(max-width: 683px) 100vw, 683px\" \/><\/figure>\n\n\n\n<div class=\"wp-block-group has-global-padding is-layout-constrained wp-container-core-group-is-layout-85cc789f wp-block-group-is-layout-constrained\">\n<div class=\"wp-block-group has-global-padding is-layout-constrained wp-container-core-group-is-layout-19e250f3 wp-block-group-is-layout-constrained\">\n<h3 class=\"wp-block-heading has-text-align-center has-contrast-color has-text-color\" style=\"font-size:clamp(17.905px, 1.119rem + ((1vw - 3.2px) * 1.147), 28px);\">Sesje noworodkowe <\/h3>\n<\/div>\n\n\n\n<p class=\"has-text-align-center has-mono-2-color has-text-color has-superbfont-xsmall-font-size\" style=\"margin-top:var(--wp--preset--spacing--superbspacing-xxsmall);margin-bottom:var(--wp--preset--spacing--superbspacing-xxsmall)\">Portfolio sesji noworodkowych <\/p>\n<\/div>\n<\/div>\n<\/div>\n<\/div>\n\n\n\n<figure class=\"wp-block-pullquote\"><blockquote><p><a href=\"http:\/\/rockinbabystudio.pl\/index.php\/kontakt\/\" data-type=\"page\" data-id=\"269\">Um\u00f3w si\u0119 na sesj\u0119 <\/a><\/p><cite>i dowiedz si\u0119 wi\u0119cej&#8230;<\/cite><\/blockquote><\/figure>\n\n\n\n<p><\/p>\n","protected":false},"excerpt":{"rendered":"<p>Portfolio Zobacz jakie zdj\u0119cia tworzymy na sesjach i dowiedz si\u0119 o nich troch\u0119 wi\u0119cej Sesje ci\u0105\u017cowe Portfolio sesji ci\u0105\u017cowych Sesje rodzinne Portfolio sesji rodzinnych Sesje noworodkowe Portfolio sesji noworodkowych Um\u00f3w si\u0119 na sesj\u0119 i dowiedz si\u0119 wi\u0119cej&#8230;<\/p>\n","protected":false},"author":1,"featured_media":0,"parent":0,"menu_order":0,"comment_status":"closed","ping_status":"closed","template":"","meta":{"footnotes":""},"class_list":["post-284","page","type-page","status-publish","hentry"],"_links":{"self":[{"href":"https:\/\/rockinbabystudio.pl\/index.php\/wp-json\/wp\/v2\/pages\/284","targetHints":{"allow":["GET"]}}],"collection":[{"href":"https:\/\/rockinbabystudio.pl\/index.php\/wp-json\/wp\/v2\/pages"}],"about":[{"href":"https:\/\/rockinbabystudio.pl\/index.php\/wp-json\/wp\/v2\/types\/page"}],"author":[{"embeddable":true,"href":"https:\/\/rockinbabystudio.pl\/index.php\/wp-json\/wp\/v2\/users\/1"}],"replies":[{"embeddable":true,"href":"https:\/\/rockinbabystudio.pl\/index.php\/wp-json\/wp\/v2\/comments?post=284"}],"version-history":[{"count":4,"href":"https:\/\/rockinbabystudio.pl\/index.php\/wp-json\/wp\/v2\/pages\/284\/revisions"}],"predecessor-version":[{"id":290,"href":"https:\/\/rockinbabystudio.pl\/index.php\/wp-json\/wp\/v2\/pages\/284\/revisions\/290"}],"wp:attachment":[{"href":"https:\/\/rockinbabystudio.pl\/index.php\/wp-json\/wp\/v2\/media?parent=284"}],"curies":[{"name":"wp","href":"https:\/\/api.w.org\/{rel}","templated":true}]}}